{"id":305,"date":"2025-02-17T11:26:07","date_gmt":"2025-02-17T11:26:07","guid":{"rendered":"https:\/\/dislogroup.com\/?page_id=305"},"modified":"2025-04-22T10:48:27","modified_gmt":"2025-04-22T10:48:27","slug":"dislog-sante","status":"publish","type":"page","link":"https:\/\/dislogroup.com\/fr\/dislog-sante\/","title":{"rendered":"HEALTHCARE"},"content":{"rendered":"\t\t<div data-elementor-type=\"wp-page\" data-elementor-id=\"305\" class=\"elementor elementor-305\" data-elementor-post-type=\"page\">\n\t\t\t\t\t\t<section class=\"elementor-section elementor-top-section elementor-element elementor-element-b79410e elementor-section-height-min-height elementor-section-items-stretch elementor-section-content-middle elementor-section-boxed elementor-section-height-default\" data-id=\"b79410e\" data-element_type=\"section\" data-settings=\"{&quot;background_background&quot;:&quot;classic&quot;}\">\n\t\t\t\t\t\t\t<div class=\"elementor-background-overlay\"><\/div>\n\t\t\t\t\t\t\t<div class=\"elementor-container elementor-column-gap-default\">\n\t\t\t\t\t<div class=\"elementor-column elementor-col-100 elementor-top-column elementor-element elementor-element-5c1740d\" data-id=\"5c1740d\" data-element_type=\"column\">\n\t\t\t<div class=\"elementor-widget-wrap elementor-element-populated\">\n\t\t\t\t\t\t<div class=\"elementor-element elementor-element-547f647 elementor-widget elementor-widget-image\" data-id=\"547f647\" data-element_type=\"widget\" data-widget_type=\"image.default\">\n\t\t\t\t<div class=\"elementor-widget-container\">\n\t\t\t\t\t\t\t\t\t\t\t\t\t\t\t<img decoding=\"async\" width=\"277\" height=\"113\" src=\"https:\/\/dislogroup.com\/wp-content\/uploads\/2025\/02\/dislog_sante-1-1-e1740256894545.webp\" class=\"attachment-large size-large wp-image-344\" alt=\"\" \/>\t\t\t\t\t\t\t\t\t\t\t\t\t\t\t<\/div>\n\t\t\t\t<\/div>\n\t\t\t\t\t<\/div>\n\t\t<\/div>\n\t\t\t\t\t<\/div>\n\t\t<\/section>\n\t\t<div class=\"elementor-element elementor-element-c281176 e-flex e-con-boxed e-con e-parent\" data-id=\"c281176\" data-element_type=\"container\" data-settings=\"{&quot;background_background&quot;:&quot;classic&quot;}\">\n\t\t\t\t\t<div class=\"e-con-inner\">\n\t\t\t\t<div class=\"elementor-element elementor-element-5edd565 elementor-widget elementor-widget-text-editor\" data-id=\"5edd565\" data-element_type=\"widget\" data-settings=\"{&quot;_animation&quot;:&quot;none&quot;,&quot;_animation_delay&quot;:600}\" data-widget_type=\"text-editor.default\">\n\t\t\t\t<div class=\"elementor-widget-container\">\n\t\t\t\t\t\t\t\t\t<section id=\"aviaTextblock\" class=\"av_textblock_section av-38sljsf-5b9b6d8414862df783dc554606484501 \"><div class=\"avia_textblock\"><p>Le Groupe Dislog se positionne en tant qu\u2019acteur cl\u00e9 dans l\u2019\u00e9laboration, la production et la distribution de produits pharmaceutiques, dispositifs m\u00e9dicaux et soins dermo-cosm\u00e9tiques. Notre mission fondamentale, profond\u00e9ment ancr\u00e9e dans nos valeurs, est de garantir l\u2019acc\u00e8s de chaque Marocain aux soins de sant\u00e9 essentiels.<\/p><\/div><\/section>\t\t\t\t\t\t\t\t<\/div>\n\t\t\t\t<\/div>\n\t\t\t\t\t<\/div>\n\t\t\t\t<\/div>\n\t\t<div class=\"elementor-element elementor-element-3efbac3 e-flex e-con-boxed e-con e-parent\" data-id=\"3efbac3\" data-element_type=\"container\">\n\t\t\t\t\t<div class=\"e-con-inner\">\n\t\t\t\t<div class=\"elementor-element elementor-element-55b93b6 elementor-widget-divider--view-line_text elementor-widget-divider--element-align-center elementor-widget elementor-widget-divider\" data-id=\"55b93b6\" data-element_type=\"widget\" data-widget_type=\"divider.default\">\n\t\t\t\t<div class=\"elementor-widget-container\">\n\t\t\t\t\t\t\t<div class=\"elementor-divider\">\n\t\t\t<span class=\"elementor-divider-separator\">\n\t\t\t\t\t\t\t<span class=\"elementor-divider__text elementor-divider__element\">\n\t\t\t\tStrUcture\t\t\t\t<\/span>\n\t\t\t\t\t\t<\/span>\n\t\t<\/div>\n\t\t\t\t\t\t<\/div>\n\t\t\t\t<\/div>\n\t\t\t\t\t<\/div>\n\t\t\t\t<\/div>\n\t\t<div class=\"elementor-element elementor-element-abb0867 e-flex e-con-boxed e-con e-parent\" data-id=\"abb0867\" data-element_type=\"container\">\n\t\t\t\t\t<div class=\"e-con-inner\">\n\t\t\t\t<div class=\"elementor-element elementor-element-f695947 elementor-widget__width-inherit elementor-widget elementor-widget-xpro-horizontal-timeline\" data-id=\"f695947\" data-element_type=\"widget\" data-settings=\"{&quot;item_per_row_tablet&quot;:1,&quot;reverse&quot;:&quot;yes&quot;,&quot;item_per_row&quot;:3,&quot;item_per_row_mobile&quot;:1,&quot;mouse_drag&quot;:&quot;yes&quot;,&quot;auto_height&quot;:&quot;yes&quot;,&quot;nav&quot;:&quot;yes&quot;}\" data-widget_type=\"xpro-horizontal-timeline.default\">\n\t\t\t\t<div class=\"elementor-widget-container\">\n\t\t\t\t\t<div class=\"xpro-horizontal-timeline-wrapper xpro-horizontal-timeline-reverse-yes xpro-horizontal-timeline-col-reverse\">\n\t<div class=\"xpro-horizontal-timeline-inner\">\n\t\t<div id=\"xpro-horizontal-timeline-f695947\" class=\"xpro-horizontal-timeline owl-carousel xpro-owl-theme xpro-owl-navigation-horizontal-style-1 xpro-owl-dots-horizontal-style-1\">\n\t\t\t\t\t\t\t<div class=\"xpro-horizontal-timeline-item elementor-repeater-item-47a98c3\">\n\t\t\t\t\t<div class=\"xpro-horizontal-timeline-date xpro-horiz-equal-height\">\n\t\t\t\t\t\t<div class=\"xpro-horiontal-timeline-data-wrap\">\n\t\t\t\t\t\t\t\t\t\t\t\t\t\t\t<div class=\"xpro-horizontal-timeline-dates\">\n\t\t\t\t\t\t\t\t\t<!-- Media Type -->\n\t\t\t\t\t\t\t\t\t<img fetchpriority=\"high\" decoding=\"async\" width=\"800\" height=\"800\" src=\"https:\/\/dislogroup.com\/wp-content\/uploads\/2025\/04\/2-1024x1024.png\" class=\"attachment-large size-large wp-image-1292\" alt=\"\" srcset=\"https:\/\/dislogroup.com\/wp-content\/uploads\/2025\/04\/2-1024x1024.png 1024w, https:\/\/dislogroup.com\/wp-content\/uploads\/2025\/04\/2-300x300.png 300w, https:\/\/dislogroup.com\/wp-content\/uploads\/2025\/04\/2-150x150.png 150w, https:\/\/dislogroup.com\/wp-content\/uploads\/2025\/04\/2-768x768.png 768w, https:\/\/dislogroup.com\/wp-content\/uploads\/2025\/04\/2-12x12.png 12w, https:\/\/dislogroup.com\/wp-content\/uploads\/2025\/04\/2.png 1485w\" sizes=\"(max-width: 800px) 100vw, 800px\" \/>\t\t\t\t\t\t\t\t<\/div>\n\t\t\t\t\t\t\t\t\t\t\t\t\t<\/div>\n\t\t\t\t\t<\/div>\n\n\t\t\t\t\t<div class=\"xpro-horizontal-timeline-media-box\">\n\t\t\t\t\t\t<span class=\"xpro-horizontal-timeline-bullet-line\"><\/span>\n\t\t\t\t\t\t\t\t\t\t\t\t\t<!-- Media Type -->\n\t\t\t\t\t\t\t<div class=\"xpro-horizontal-timeline-media\">\n\t\t\t\t\t\t\t\t<svg aria-hidden=\"true\" class=\"e-font-icon-svg e-fas-bullseye\" viewBox=\"0 0 496 512\" xmlns=\"http:\/\/www.w3.org\/2000\/svg\"><path d=\"M248 8C111.03 8 0 119.03 0 256s111.03 248 248 248 248-111.03 248-248S384.97 8 248 8zm0 432c-101.69 0-184-82.29-184-184 0-101.69 82.29-184 184-184 101.69 0 184 82.29 184 184 0 101.69-82.29 184-184 184zm0-312c-70.69 0-128 57.31-128 128s57.31 128 128 128 128-57.31 128-128-57.31-128-128-128zm0 192c-35.29 0-64-28.71-64-64s28.71-64 64-64 64 28.71 64 64-28.71 64-64 64z\"><\/path><\/svg>\t\t\t\t\t\t\t<\/div>\n\t\t\t\t\t\t\t\t\t\t\t<\/div>\n\n\t\t\t\t\t<div class=\"xpro-horizontal-timeline-content xpro-horiz-equal-height\">\n\t\t\t\t\t\t<div class=\"xpro-horizontal-timeline-content-inner\">\n\t\t\t\t\t\t\t\n\t\t\t\t\t\t\t<div class=\"xpro-horizontal-timeline-content-desc\">\n\n\t\t\t\t\t\t\t\t\t\t\t\t\t\t\t\t\t<!-- Title -->\n\t\t\t\t\t\t\t\t\t<h2 class=\"xpro-horizontal-timeline-sub-title\">Dislog Pharma<\/h2>\n\t\t\t\t\t\t\t\t\n\t\t\t\t\t\t\t\t\t\t\t\t\t\t\t\t\t<p class=\"xpro-horizontal-timeline-text\">Regroupe les activit\u00e9s du Groupe li\u00e9es \u00e0 la fabrication et \u00e0 la distribution de m\u00e9dicaments \u00e0 usage humain, \u00e0 travers sa filiale Steripharma.<\/p>\n\t\t\t\t\t\t\t\t\n\t\t\t\t\t\t\t<\/div>\n\t\t\t\t\t\t<\/div>\n\t\t\t\t\t<\/div>\n\t\t\t\t<\/div>\n\t\t\t\t\t\t\t<div class=\"xpro-horizontal-timeline-item elementor-repeater-item-8fe6882\">\n\t\t\t\t\t<div class=\"xpro-horizontal-timeline-date xpro-horiz-equal-height\">\n\t\t\t\t\t\t<div class=\"xpro-horiontal-timeline-data-wrap\">\n\t\t\t\t\t\t\t\t\t\t\t\t\t\t\t<div class=\"xpro-horizontal-timeline-dates\">\n\t\t\t\t\t\t\t\t\t<!-- Media Type -->\n\t\t\t\t\t\t\t\t\t<img decoding=\"async\" width=\"800\" height=\"800\" src=\"https:\/\/dislogroup.com\/wp-content\/uploads\/2025\/04\/3-1024x1024.png\" class=\"attachment-large size-large wp-image-1291\" alt=\"\" srcset=\"https:\/\/dislogroup.com\/wp-content\/uploads\/2025\/04\/3-1024x1024.png 1024w, https:\/\/dislogroup.com\/wp-content\/uploads\/2025\/04\/3-300x300.png 300w, https:\/\/dislogroup.com\/wp-content\/uploads\/2025\/04\/3-150x150.png 150w, https:\/\/dislogroup.com\/wp-content\/uploads\/2025\/04\/3-768x768.png 768w, https:\/\/dislogroup.com\/wp-content\/uploads\/2025\/04\/3-12x12.png 12w, https:\/\/dislogroup.com\/wp-content\/uploads\/2025\/04\/3.png 1485w\" sizes=\"(max-width: 800px) 100vw, 800px\" \/>\t\t\t\t\t\t\t\t<\/div>\n\t\t\t\t\t\t\t\t\t\t\t\t\t<\/div>\n\t\t\t\t\t<\/div>\n\n\t\t\t\t\t<div class=\"xpro-horizontal-timeline-media-box\">\n\t\t\t\t\t\t<span class=\"xpro-horizontal-timeline-bullet-line\"><\/span>\n\t\t\t\t\t\t\t\t\t\t\t\t\t<!-- Media Type -->\n\t\t\t\t\t\t\t<div class=\"xpro-horizontal-timeline-media\">\n\t\t\t\t\t\t\t\t<svg aria-hidden=\"true\" class=\"e-font-icon-svg e-fas-bullseye\" viewBox=\"0 0 496 512\" xmlns=\"http:\/\/www.w3.org\/2000\/svg\"><path d=\"M248 8C111.03 8 0 119.03 0 256s111.03 248 248 248 248-111.03 248-248S384.97 8 248 8zm0 432c-101.69 0-184-82.29-184-184 0-101.69 82.29-184 184-184 101.69 0 184 82.29 184 184 0 101.69-82.29 184-184 184zm0-312c-70.69 0-128 57.31-128 128s57.31 128 128 128 128-57.31 128-128-57.31-128-128-128zm0 192c-35.29 0-64-28.71-64-64s28.71-64 64-64 64 28.71 64 64-28.71 64-64 64z\"><\/path><\/svg>\t\t\t\t\t\t\t<\/div>\n\t\t\t\t\t\t\t\t\t\t\t<\/div>\n\n\t\t\t\t\t<div class=\"xpro-horizontal-timeline-content xpro-horiz-equal-height\">\n\t\t\t\t\t\t<div class=\"xpro-horizontal-timeline-content-inner\">\n\t\t\t\t\t\t\t\n\t\t\t\t\t\t\t<div class=\"xpro-horizontal-timeline-content-desc\">\n\n\t\t\t\t\t\t\t\t\t\t\t\t\t\t\t\t\t<!-- Title -->\n\t\t\t\t\t\t\t\t\t<h2 class=\"xpro-horizontal-timeline-sub-title\">Dislog Dispositifs M\u00e9dicaux<\/h2>\n\t\t\t\t\t\t\t\t\n\t\t\t\t\t\t\t\t\t\t\t\t\t\t\t\t\t<p class=\"xpro-horizontal-timeline-text\">Repr\u00e9sente le p\u00f4le du Groupe d\u00e9di\u00e9 \u00e0 la conception, la fabrication et la distribution de dispositifs m\u00e9dicaux destin\u00e9s aux professionnels de sant\u00e9.<\/p>\n\t\t\t\t\t\t\t\t\n\t\t\t\t\t\t\t<\/div>\n\t\t\t\t\t\t<\/div>\n\t\t\t\t\t<\/div>\n\t\t\t\t<\/div>\n\t\t\t\t\t\t\t<div class=\"xpro-horizontal-timeline-item elementor-repeater-item-d9b660d\">\n\t\t\t\t\t<div class=\"xpro-horizontal-timeline-date xpro-horiz-equal-height\">\n\t\t\t\t\t\t<div class=\"xpro-horiontal-timeline-data-wrap\">\n\t\t\t\t\t\t\t\t\t\t\t\t\t\t\t<div class=\"xpro-horizontal-timeline-dates\">\n\t\t\t\t\t\t\t\t\t<!-- Media Type -->\n\t\t\t\t\t\t\t\t\t<img loading=\"lazy\" decoding=\"async\" width=\"800\" height=\"800\" src=\"https:\/\/dislogroup.com\/wp-content\/uploads\/2025\/04\/1-1024x1024.png\" class=\"attachment-large size-large wp-image-1290\" alt=\"\" srcset=\"https:\/\/dislogroup.com\/wp-content\/uploads\/2025\/04\/1-1024x1024.png 1024w, https:\/\/dislogroup.com\/wp-content\/uploads\/2025\/04\/1-300x300.png 300w, https:\/\/dislogroup.com\/wp-content\/uploads\/2025\/04\/1-150x150.png 150w, https:\/\/dislogroup.com\/wp-content\/uploads\/2025\/04\/1-768x768.png 768w, https:\/\/dislogroup.com\/wp-content\/uploads\/2025\/04\/1-12x12.png 12w, https:\/\/dislogroup.com\/wp-content\/uploads\/2025\/04\/1.png 1485w\" sizes=\"(max-width: 800px) 100vw, 800px\" \/>\t\t\t\t\t\t\t\t<\/div>\n\t\t\t\t\t\t\t\t\t\t\t\t\t<\/div>\n\t\t\t\t\t<\/div>\n\n\t\t\t\t\t<div class=\"xpro-horizontal-timeline-media-box\">\n\t\t\t\t\t\t<span class=\"xpro-horizontal-timeline-bullet-line\"><\/span>\n\t\t\t\t\t\t\t\t\t\t\t\t\t<!-- Media Type -->\n\t\t\t\t\t\t\t<div class=\"xpro-horizontal-timeline-media\">\n\t\t\t\t\t\t\t\t<svg aria-hidden=\"true\" class=\"e-font-icon-svg e-fas-bullseye\" viewBox=\"0 0 496 512\" xmlns=\"http:\/\/www.w3.org\/2000\/svg\"><path d=\"M248 8C111.03 8 0 119.03 0 256s111.03 248 248 248 248-111.03 248-248S384.97 8 248 8zm0 432c-101.69 0-184-82.29-184-184 0-101.69 82.29-184 184-184 101.69 0 184 82.29 184 184 0 101.69-82.29 184-184 184zm0-312c-70.69 0-128 57.31-128 128s57.31 128 128 128 128-57.31 128-128-57.31-128-128-128zm0 192c-35.29 0-64-28.71-64-64s28.71-64 64-64 64 28.71 64 64-28.71 64-64 64z\"><\/path><\/svg>\t\t\t\t\t\t\t<\/div>\n\t\t\t\t\t\t\t\t\t\t\t<\/div>\n\n\t\t\t\t\t<div class=\"xpro-horizontal-timeline-content xpro-horiz-equal-height\">\n\t\t\t\t\t\t<div class=\"xpro-horizontal-timeline-content-inner\">\n\t\t\t\t\t\t\t\n\t\t\t\t\t\t\t<div class=\"xpro-horizontal-timeline-content-desc\">\n\n\t\t\t\t\t\t\t\t\t\t\t\t\t\t\t\t\t<!-- Title -->\n\t\t\t\t\t\t\t\t\t<h2 class=\"xpro-horizontal-timeline-sub-title\">Dislog Dermocosm\u00e9tique<\/h2>\n\t\t\t\t\t\t\t\t\n\t\t\t\t\t\t\t\t\t\t\t\t\t\t\t\t\t<p class=\"xpro-horizontal-timeline-text\">Rassemble les activit\u00e9s du Groupe dans le domaine de la dermocosm\u00e9tique, \u00e0 travers sa filiale Laboratoires KPH.<\/p>\n\t\t\t\t\t\t\t\t\n\t\t\t\t\t\t\t<\/div>\n\t\t\t\t\t\t<\/div>\n\t\t\t\t\t<\/div>\n\t\t\t\t<\/div>\n\t\t\t\t\t<\/div>\n\t<\/div>\n<\/div>\n\t\t\t\t<\/div>\n\t\t\t\t<\/div>\n\t\t\t\t\t<\/div>\n\t\t\t\t<\/div>\n\t\t\t\t<section class=\"elementor-section elementor-top-section elementor-element elementor-element-516c8073 elementor-section-full_width elementor-section-height-default elementor-section-height-default\" data-id=\"516c8073\" data-element_type=\"section\" data-settings=\"{&quot;background_background&quot;:&quot;classic&quot;}\">\n\t\t\t\t\t\t\t<div class=\"elementor-background-overlay\"><\/div>\n\t\t\t\t\t\t\t<div class=\"elementor-container elementor-column-gap-default\">\n\t\t\t\t\t<div class=\"elementor-column elementor-col-100 elementor-top-column elementor-element elementor-element-62bd46a7\" data-id=\"62bd46a7\" data-element_type=\"column\" data-settings=\"{&quot;background_background&quot;:&quot;classic&quot;}\">\n\t\t\t<div class=\"elementor-widget-wrap elementor-element-populated\">\n\t\t\t\t\t\t<section class=\"elementor-section elementor-inner-section elementor-element elementor-element-19f025d elementor-section-boxed elementor-section-height-default elementor-section-height-default\" data-id=\"19f025d\" data-element_type=\"section\">\n\t\t\t\t\t\t<div class=\"elementor-container elementor-column-gap-default\">\n\t\t\t\t\t<div class=\"elementor-column elementor-col-100 elementor-inner-column elementor-element elementor-element-a448a0c elementor-invisible\" data-id=\"a448a0c\" data-element_type=\"column\" data-settings=\"{&quot;animation&quot;:&quot;fadeInUp&quot;}\">\n\t\t\t<div class=\"elementor-widget-wrap elementor-element-populated\">\n\t\t\t\t\t\t<div class=\"elementor-element elementor-element-5ef257c3 elementor-widget elementor-widget-heading\" data-id=\"5ef257c3\" data-element_type=\"widget\" data-widget_type=\"heading.default\">\n\t\t\t\t<div class=\"elementor-widget-container\">\n\t\t\t\t\t<h3 class=\"elementor-heading-title elementor-size-default\">Si nous sommes un acteur industriel int\u00e9gr\u00e9 dans l\u2019\u00e9conomie de la vie, c\u2019est pour mieux servir votre quotidien.<\/h3>\t\t\t\t<\/div>\n\t\t\t\t<\/div>\n\t\t\t\t\t<\/div>\n\t\t<\/div>\n\t\t\t\t\t<\/div>\n\t\t<\/section>\n\t\t\t\t\t<\/div>\n\t\t<\/div>\n\t\t\t\t\t<\/div>\n\t\t<\/section>\n\t\t\t\t<\/div>\n\t\t","protected":false},"excerpt":{"rendered":"<p>Le Groupe Dislog se positionne en tant qu\u2019acteur cl\u00e9 dans l\u2019\u00e9laboration, la production et la distribution de produits pharmaceutiques, dispositifs m\u00e9dicaux et soins dermo-cosm\u00e9tiques. Notre mission fondamentale, profond\u00e9ment ancr\u00e9e dans nos valeurs, est de garantir l\u2019acc\u00e8s de chaque Marocain aux soins de sant\u00e9 essentiels. StrUcture Dislog Pharma Regroupe les activit\u00e9s du Groupe li\u00e9es \u00e0 la [&hellip;]<\/p>\n","protected":false},"author":1,"featured_media":0,"parent":0,"menu_order":0,"comment_status":"closed","ping_status":"closed","template":"","meta":{"_eb_attr":"","footnotes":""},"class_list":["post-305","page","type-page","status-publish","hentry"],"_links":{"self":[{"href":"https:\/\/dislogroup.com\/fr\/wp-json\/wp\/v2\/pages\/305","targetHints":{"allow":["GET"]}}],"collection":[{"href":"https:\/\/dislogroup.com\/fr\/wp-json\/wp\/v2\/pages"}],"about":[{"href":"https:\/\/dislogroup.com\/fr\/wp-json\/wp\/v2\/types\/page"}],"author":[{"embeddable":true,"href":"https:\/\/dislogroup.com\/fr\/wp-json\/wp\/v2\/users\/1"}],"replies":[{"embeddable":true,"href":"https:\/\/dislogroup.com\/fr\/wp-json\/wp\/v2\/comments?post=305"}],"version-history":[{"count":180,"href":"https:\/\/dislogroup.com\/fr\/wp-json\/wp\/v2\/pages\/305\/revisions"}],"predecessor-version":[{"id":1449,"href":"https:\/\/dislogroup.com\/fr\/wp-json\/wp\/v2\/pages\/305\/revisions\/1449"}],"wp:attachment":[{"href":"https:\/\/dislogroup.com\/fr\/wp-json\/wp\/v2\/media?parent=305"}],"curies":[{"name":"wp","href":"https:\/\/api.w.org\/{rel}","templated":true}]}}