{"id":663,"date":"2025-02-25T10:54:38","date_gmt":"2025-02-25T10:54:38","guid":{"rendered":"https:\/\/dislogroup.com\/?page_id=663"},"modified":"2025-04-29T14:14:05","modified_gmt":"2025-04-29T14:14:05","slug":"news","status":"publish","type":"page","link":"https:\/\/dislogroup.com\/fr\/news\/","title":{"rendered":"ACTUALIT\u00c9S"},"content":{"rendered":"\t\t<div data-elementor-type=\"wp-page\" data-elementor-id=\"663\" class=\"elementor elementor-663\" data-elementor-post-type=\"page\">\n\t\t\t\t\t\t<section class=\"elementor-section elementor-top-section elementor-element elementor-element-2b5329e9 elementor-section-boxed elementor-section-height-default elementor-section-height-default\" data-id=\"2b5329e9\" data-element_type=\"section\">\n\t\t\t\t\t\t<div class=\"elementor-container elementor-column-gap-default\">\n\t\t\t\t\t<div class=\"elementor-column elementor-col-100 elementor-top-column elementor-element elementor-element-19ee3a6\" data-id=\"19ee3a6\" data-element_type=\"column\">\n\t\t\t<div class=\"elementor-widget-wrap elementor-element-populated\">\n\t\t\t\t\t\t<div class=\"elementor-element elementor-element-5b3f990e elementor-widget elementor-widget-heading\" data-id=\"5b3f990e\" data-element_type=\"widget\" data-widget_type=\"heading.default\">\n\t\t\t\t<div class=\"elementor-widget-container\">\n\t\t\t\t\t<h1 class=\"elementor-heading-title elementor-size-default\">NEWSROOM<\/h1>\t\t\t\t<\/div>\n\t\t\t\t<\/div>\n\t\t\t\t<div class=\"elementor-element elementor-element-72d643d6 elementor-widget elementor-widget-heading\" data-id=\"72d643d6\" data-element_type=\"widget\" data-widget_type=\"heading.default\">\n\t\t\t\t<div class=\"elementor-widget-container\">\n\t\t\t\t\t<h3 class=\"elementor-heading-title elementor-size-default\">Actualit\u00e9s Dislog Group<\/h3>\t\t\t\t<\/div>\n\t\t\t\t<\/div>\n\t\t\t\t<div class=\"elementor-element elementor-element-4f4ed705 elementor-widget elementor-widget-text-editor\" data-id=\"4f4ed705\" data-element_type=\"widget\" data-widget_type=\"text-editor.default\">\n\t\t\t\t<div class=\"elementor-widget-container\">\n\t\t\t\t\t\t\t\t\t<p>Restez inform\u00e9 des derni\u00e8res avanc\u00e9es, partenariats et r\u00e9ussites de Dislog Group, votre partenaire de confiance dans l&rsquo;\u00e9volution du march\u00e9 national et international.<\/p>\t\t\t\t\t\t\t\t<\/div>\n\t\t\t\t<\/div>\n\t\t\t\t\t<\/div>\n\t\t<\/div>\n\t\t\t\t\t<\/div>\n\t\t<\/section>\n\t\t<div class=\"elementor-element elementor-element-4d397e0 e-flex e-con-boxed e-con e-parent\" data-id=\"4d397e0\" data-element_type=\"container\">\n\t\t\t\t\t<div class=\"e-con-inner\">\n\t\t\t\t<div class=\"elementor-element elementor-element-98ea4bf elementor-posts--align-center elementor-grid-3 elementor-grid-tablet-2 elementor-grid-mobile-1 elementor-posts--thumbnail-top elementor-widget elementor-widget-posts\" data-id=\"98ea4bf\" data-element_type=\"widget\" data-settings=\"{&quot;pagination_type&quot;:&quot;numbers_and_prev_next&quot;,&quot;classic_row_gap&quot;:{&quot;unit&quot;:&quot;px&quot;,&quot;size&quot;:30,&quot;sizes&quot;:[]},&quot;classic_row_gap_tablet&quot;:{&quot;unit&quot;:&quot;px&quot;,&quot;size&quot;:20,&quot;sizes&quot;:[]},&quot;classic_columns&quot;:&quot;3&quot;,&quot;classic_columns_tablet&quot;:&quot;2&quot;,&quot;classic_columns_mobile&quot;:&quot;1&quot;,&quot;classic_row_gap_mobile&quot;:{&quot;unit&quot;:&quot;px&quot;,&quot;size&quot;:&quot;&quot;,&quot;sizes&quot;:[]}}\" data-widget_type=\"posts.classic\">\n\t\t\t\t<div class=\"elementor-widget-container\">\n\t\t\t\t\t\t\t<div class=\"elementor-posts-container elementor-posts elementor-posts--skin-classic elementor-grid\">\n\t\t\t\t<article class=\"elementor-post elementor-grid-item post-2179 post type-post status-publish format-standard has-post-thumbnail hentry category-newsroom\">\n\t\t\t\t<a class=\"elementor-post__thumbnail__link\" href=\"https:\/\/dislogroup.com\/fr\/dislog-group-renforce-son-systeme-de-management-integre-avec-la-triple-certification-iso\/\" tabindex=\"-1\" >\n\t\t\t<div class=\"elementor-post__thumbnail\"><img fetchpriority=\"high\" decoding=\"async\" width=\"526\" height=\"659\" src=\"https:\/\/dislogroup.com\/wp-content\/uploads\/2026\/03\/Capture-decran-2026-03-04-164401.png\" class=\"attachment-large size-large wp-image-2182\" alt=\"\" srcset=\"https:\/\/dislogroup.com\/wp-content\/uploads\/2026\/03\/Capture-decran-2026-03-04-164401.png 526w, https:\/\/dislogroup.com\/wp-content\/uploads\/2026\/03\/Capture-decran-2026-03-04-164401-239x300.png 239w, https:\/\/dislogroup.com\/wp-content\/uploads\/2026\/03\/Capture-decran-2026-03-04-164401-10x12.png 10w\" sizes=\"(max-width: 526px) 100vw, 526px\" \/><\/div>\n\t\t<\/a>\n\t\t\t\t<div class=\"elementor-post__text\">\n\t\t\t\t<h1 class=\"elementor-post__title\">\n\t\t\t<a href=\"https:\/\/dislogroup.com\/fr\/dislog-group-renforce-son-systeme-de-management-integre-avec-la-triple-certification-iso\/\" >\n\t\t\t\tDislog Group renforce son syst\u00e8me de management int\u00e9gr\u00e9 avec la triple certification ISO\t\t\t<\/a>\n\t\t<\/h1>\n\t\t\t\t<div class=\"elementor-post__meta-data\">\n\t\t\t\t\t<span class=\"elementor-post-date\">\n\t\t\tmars 4, 2026\t\t<\/span>\n\t\t\t\t<\/div>\n\t\t\t\t<div class=\"elementor-post__excerpt\">\n\t\t\t<p>Dans un environnement industriel et logistique en constante \u00e9volution, la ma\u00eetrise des risques, la qualit\u00e9 des processus et la responsabilit\u00e9 environnementale sont devenues des piliers incontournables de la performance durable. Chez Dislog Group, nous avons fait le choix d\u2019organiser notre d\u00e9veloppement autour d\u2019un Syst\u00e8me de Management Int\u00e9gr\u00e9 (SMI), structur\u00e9 pour<\/p>\n\t\t<\/div>\n\t\t\t\t\t<div class=\"elementor-post__read-more-wrapper\">\n\t\t\n\t\t<a class=\"elementor-post__read-more\" href=\"https:\/\/dislogroup.com\/fr\/dislog-group-renforce-son-systeme-de-management-integre-avec-la-triple-certification-iso\/\" aria-label=\"Read more about Dislog Group renforce son syst\u00e8me de management int\u00e9gr\u00e9 avec la triple certification ISO\" tabindex=\"-1\" >\n\t\t\tLire l'article \u00bb\t\t<\/a>\n\n\t\t\t\t\t<\/div>\n\t\t\t\t<\/div>\n\t\t\t\t<\/article>\n\t\t\t\t<article class=\"elementor-post elementor-grid-item post-2176 post type-post status-publish format-standard has-post-thumbnail hentry category-newsroom\">\n\t\t\t\t<a class=\"elementor-post__thumbnail__link\" href=\"https:\/\/dislogroup.com\/fr\/ilyana-belkhayat-vice-championne-du-monde-dp-world-tour-junior-a-marbella\/\" tabindex=\"-1\" >\n\t\t\t<div class=\"elementor-post__thumbnail\"><img decoding=\"async\" width=\"768\" height=\"1024\" src=\"https:\/\/dislogroup.com\/wp-content\/uploads\/2026\/03\/illyana-second-price-golf-vice-championne-du-monde-768x1024.jpeg\" class=\"attachment-large size-large wp-image-2177\" alt=\"\" srcset=\"https:\/\/dislogroup.com\/wp-content\/uploads\/2026\/03\/illyana-second-price-golf-vice-championne-du-monde-768x1024.jpeg 768w, https:\/\/dislogroup.com\/wp-content\/uploads\/2026\/03\/illyana-second-price-golf-vice-championne-du-monde-225x300.jpeg 225w, https:\/\/dislogroup.com\/wp-content\/uploads\/2026\/03\/illyana-second-price-golf-vice-championne-du-monde-9x12.jpeg 9w, https:\/\/dislogroup.com\/wp-content\/uploads\/2026\/03\/illyana-second-price-golf-vice-championne-du-monde.jpeg 960w\" sizes=\"(max-width: 768px) 100vw, 768px\" \/><\/div>\n\t\t<\/a>\n\t\t\t\t<div class=\"elementor-post__text\">\n\t\t\t\t<h1 class=\"elementor-post__title\">\n\t\t\t<a href=\"https:\/\/dislogroup.com\/fr\/ilyana-belkhayat-vice-championne-du-monde-dp-world-tour-junior-a-marbella\/\" >\n\t\t\t\tIlyana Belkhayat Vice-Championne du Monde DP World Tour Junior \u00e0 Marbella\t\t\t<\/a>\n\t\t<\/h1>\n\t\t\t\t<div class=\"elementor-post__meta-data\">\n\t\t\t\t\t<span class=\"elementor-post-date\">\n\t\t\tmars 2, 2026\t\t<\/span>\n\t\t\t\t<\/div>\n\t\t\t\t<div class=\"elementor-post__excerpt\">\n\t\t\t<p>Dislog Group, \u00e0 travers la Fondation Dislog, est fier d\u2019annoncer la performance exceptionnelle d\u2019Ilyana Belkhayat, sacr\u00e9e Vice-Championne du Monde DP World Tour Junior \u00e0 Marbella, sur le prestigieux parcours de Los Flamingos, Villa Padierna. Cette distinction internationale confirme le talent, la r\u00e9gularit\u00e9 et la d\u00e9termination d\u2019une jeune athl\u00e8te qui repr\u00e9sente<\/p>\n\t\t<\/div>\n\t\t\t\t\t<div class=\"elementor-post__read-more-wrapper\">\n\t\t\n\t\t<a class=\"elementor-post__read-more\" href=\"https:\/\/dislogroup.com\/fr\/ilyana-belkhayat-vice-championne-du-monde-dp-world-tour-junior-a-marbella\/\" aria-label=\"Read more about Ilyana Belkhayat Vice-Championne du Monde DP World Tour Junior \u00e0 Marbella\" tabindex=\"-1\" >\n\t\t\tLire l'article \u00bb\t\t<\/a>\n\n\t\t\t\t\t<\/div>\n\t\t\t\t<\/div>\n\t\t\t\t<\/article>\n\t\t\t\t<article class=\"elementor-post elementor-grid-item post-2173 post type-post status-publish format-standard has-post-thumbnail hentry category-newsroom\">\n\t\t\t\t<a class=\"elementor-post__thumbnail__link\" href=\"https:\/\/dislogroup.com\/fr\/dislog-group-hisse-ses-standards-dexcellence-une-triple-certification-iso-pour-son-systeme-de-management-integre\/\" tabindex=\"-1\" >\n\t\t\t<div class=\"elementor-post__thumbnail\"><img decoding=\"async\" width=\"800\" height=\"1000\" src=\"https:\/\/dislogroup.com\/wp-content\/uploads\/2026\/02\/Dislog-Group-Une-nouvelle-dimension-de-performance-certifiee--819x1024.png\" class=\"attachment-large size-large wp-image-2174\" alt=\"\" srcset=\"https:\/\/dislogroup.com\/wp-content\/uploads\/2026\/02\/Dislog-Group-Une-nouvelle-dimension-de-performance-certifiee--819x1024.png 819w, https:\/\/dislogroup.com\/wp-content\/uploads\/2026\/02\/Dislog-Group-Une-nouvelle-dimension-de-performance-certifiee--240x300.png 240w, https:\/\/dislogroup.com\/wp-content\/uploads\/2026\/02\/Dislog-Group-Une-nouvelle-dimension-de-performance-certifiee--768x960.png 768w, https:\/\/dislogroup.com\/wp-content\/uploads\/2026\/02\/Dislog-Group-Une-nouvelle-dimension-de-performance-certifiee--10x12.png 10w, https:\/\/dislogroup.com\/wp-content\/uploads\/2026\/02\/Dislog-Group-Une-nouvelle-dimension-de-performance-certifiee-.png 1080w\" sizes=\"(max-width: 800px) 100vw, 800px\" \/><\/div>\n\t\t<\/a>\n\t\t\t\t<div class=\"elementor-post__text\">\n\t\t\t\t<h1 class=\"elementor-post__title\">\n\t\t\t<a href=\"https:\/\/dislogroup.com\/fr\/dislog-group-hisse-ses-standards-dexcellence-une-triple-certification-iso-pour-son-systeme-de-management-integre\/\" >\n\t\t\t\tDislog Group hisse ses standards d\u2019excellence : une triple certification ISO pour son Syst\u00e8me de Management Int\u00e9gr\u00e9\t\t\t<\/a>\n\t\t<\/h1>\n\t\t\t\t<div class=\"elementor-post__meta-data\">\n\t\t\t\t\t<span class=\"elementor-post-date\">\n\t\t\tf\u00e9vrier 24, 2026\t\t<\/span>\n\t\t\t\t<\/div>\n\t\t\t\t<div class=\"elementor-post__excerpt\">\n\t\t\t<p>Un SMI au service de l\u2019excellence op\u00e9rationnelle Au sein de Dislog Group, le SMI constitue un cadre structurant qui aligne la gouvernance et l\u2019ex\u00e9cution autour de trois piliers compl\u00e9mentaires : ISO 9001 : Management de la Qualit\u00e9, un syst\u00e8me orient\u00e9 processus et am\u00e9lioration continue, con\u00e7u pour renforcer la constance de<\/p>\n\t\t<\/div>\n\t\t\t\t\t<div class=\"elementor-post__read-more-wrapper\">\n\t\t\n\t\t<a class=\"elementor-post__read-more\" href=\"https:\/\/dislogroup.com\/fr\/dislog-group-hisse-ses-standards-dexcellence-une-triple-certification-iso-pour-son-systeme-de-management-integre\/\" aria-label=\"Read more about Dislog Group hisse ses standards d\u2019excellence : une triple certification ISO pour son Syst\u00e8me de Management Int\u00e9gr\u00e9\" tabindex=\"-1\" >\n\t\t\tLire l'article \u00bb\t\t<\/a>\n\n\t\t\t\t\t<\/div>\n\t\t\t\t<\/div>\n\t\t\t\t<\/article>\n\t\t\t\t<article class=\"elementor-post elementor-grid-item post-2170 post type-post status-publish format-standard has-post-thumbnail hentry category-newsroom\">\n\t\t\t\t<a class=\"elementor-post__thumbnail__link\" href=\"https:\/\/dislogroup.com\/fr\/dislog-group-distingue-parmi-les-champions-industriels-accompagnes-vers-le-marche-des-capitaux\/\" tabindex=\"-1\" >\n\t\t\t<div class=\"elementor-post__thumbnail\"><img loading=\"lazy\" decoding=\"async\" width=\"768\" height=\"1024\" src=\"https:\/\/dislogroup.com\/wp-content\/uploads\/2026\/02\/Post-remise-prix-par-ministre-Dislog-768x1024.jpg\" class=\"attachment-large size-large wp-image-2171\" alt=\"\" srcset=\"https:\/\/dislogroup.com\/wp-content\/uploads\/2026\/02\/Post-remise-prix-par-ministre-Dislog-768x1024.jpg 768w, https:\/\/dislogroup.com\/wp-content\/uploads\/2026\/02\/Post-remise-prix-par-ministre-Dislog-225x300.jpg 225w, https:\/\/dislogroup.com\/wp-content\/uploads\/2026\/02\/Post-remise-prix-par-ministre-Dislog-9x12.jpg 9w, https:\/\/dislogroup.com\/wp-content\/uploads\/2026\/02\/Post-remise-prix-par-ministre-Dislog.jpg 960w\" sizes=\"(max-width: 768px) 100vw, 768px\" \/><\/div>\n\t\t<\/a>\n\t\t\t\t<div class=\"elementor-post__text\">\n\t\t\t\t<h1 class=\"elementor-post__title\">\n\t\t\t<a href=\"https:\/\/dislogroup.com\/fr\/dislog-group-distingue-parmi-les-champions-industriels-accompagnes-vers-le-marche-des-capitaux\/\" >\n\t\t\t\tDislog Group distingu\u00e9 parmi les champions industriels accompagn\u00e9s vers le march\u00e9 des capitaux\t\t\t<\/a>\n\t\t<\/h1>\n\t\t\t\t<div class=\"elementor-post__meta-data\">\n\t\t\t\t\t<span class=\"elementor-post-date\">\n\t\t\tf\u00e9vrier 17, 2026\t\t<\/span>\n\t\t\t\t<\/div>\n\t\t\t\t<div class=\"elementor-post__excerpt\">\n\t\t\t<p>Dislog Group a \u00e9t\u00e9 honor\u00e9 lors de la c\u00e9r\u00e9monie officielle de distinction des laur\u00e9ats du programme d\u2019accompagnement des entreprises industrielles, organis\u00e9e avec le soutien du Minist\u00e8re de l\u2019Industrie et du Commerce, de la Bourse de Casablanca et de la CGEM. Cette reconnaissance constitue un signal fort pour le Groupe et<\/p>\n\t\t<\/div>\n\t\t\t\t\t<div class=\"elementor-post__read-more-wrapper\">\n\t\t\n\t\t<a class=\"elementor-post__read-more\" href=\"https:\/\/dislogroup.com\/fr\/dislog-group-distingue-parmi-les-champions-industriels-accompagnes-vers-le-marche-des-capitaux\/\" aria-label=\"Read more about Dislog Group distingu\u00e9 parmi les champions industriels accompagn\u00e9s vers le march\u00e9 des capitaux\" tabindex=\"-1\" >\n\t\t\tLire l'article \u00bb\t\t<\/a>\n\n\t\t\t\t\t<\/div>\n\t\t\t\t<\/div>\n\t\t\t\t<\/article>\n\t\t\t\t<article class=\"elementor-post elementor-grid-item post-2166 post type-post status-publish format-standard has-post-thumbnail hentry category-newsroom\">\n\t\t\t\t<a class=\"elementor-post__thumbnail__link\" href=\"https:\/\/dislogroup.com\/fr\/whx-dubai-2026-dislog-group-renforce-son-rayonnement-international-et-ses-ambitions-mena-afrique\/\" tabindex=\"-1\" >\n\t\t\t<div class=\"elementor-post__thumbnail\"><img loading=\"lazy\" decoding=\"async\" width=\"800\" height=\"596\" src=\"https:\/\/dislogroup.com\/wp-content\/uploads\/2026\/02\/whx-dubai-1024x763.jpeg\" class=\"attachment-large size-large wp-image-2167\" alt=\"\" srcset=\"https:\/\/dislogroup.com\/wp-content\/uploads\/2026\/02\/whx-dubai-1024x763.jpeg 1024w, https:\/\/dislogroup.com\/wp-content\/uploads\/2026\/02\/whx-dubai-300x224.jpeg 300w, https:\/\/dislogroup.com\/wp-content\/uploads\/2026\/02\/whx-dubai-768x573.jpeg 768w, https:\/\/dislogroup.com\/wp-content\/uploads\/2026\/02\/whx-dubai-16x12.jpeg 16w, https:\/\/dislogroup.com\/wp-content\/uploads\/2026\/02\/whx-dubai.jpeg 1320w\" sizes=\"(max-width: 800px) 100vw, 800px\" \/><\/div>\n\t\t<\/a>\n\t\t\t\t<div class=\"elementor-post__text\">\n\t\t\t\t<h1 class=\"elementor-post__title\">\n\t\t\t<a href=\"https:\/\/dislogroup.com\/fr\/whx-dubai-2026-dislog-group-renforce-son-rayonnement-international-et-ses-ambitions-mena-afrique\/\" >\n\t\t\t\tWHX Dubai 2026 : Dislog Group renforce son rayonnement international et ses ambitions MENA &#038; Afrique\t\t\t<\/a>\n\t\t<\/h1>\n\t\t\t\t<div class=\"elementor-post__meta-data\">\n\t\t\t\t\t<span class=\"elementor-post-date\">\n\t\t\tf\u00e9vrier 13, 2026\t\t<\/span>\n\t\t\t\t<\/div>\n\t\t\t\t<div class=\"elementor-post__excerpt\">\n\t\t\t<p>Duba\u00ef, 2026 &#8211; \u00c0 l\u2019occasion de WHX Dubai 2026, Dislog Group a pris part \u00e0 quatre jours intenses de rencontres et d\u2019\u00e9changes avec les acteurs internationaux de la sant\u00e9, confirmant sa dynamique de croissance et son positionnement en tant que groupe marocain de r\u00e9f\u00e9rence \u00e0 l\u2019\u00e9chelle r\u00e9gionale. Pr\u00e9sent au sein<\/p>\n\t\t<\/div>\n\t\t\t\t\t<div class=\"elementor-post__read-more-wrapper\">\n\t\t\n\t\t<a class=\"elementor-post__read-more\" href=\"https:\/\/dislogroup.com\/fr\/whx-dubai-2026-dislog-group-renforce-son-rayonnement-international-et-ses-ambitions-mena-afrique\/\" aria-label=\"Read more about WHX Dubai 2026 : Dislog Group renforce son rayonnement international et ses ambitions MENA &#038; Afrique\" tabindex=\"-1\" >\n\t\t\tLire l'article \u00bb\t\t<\/a>\n\n\t\t\t\t\t<\/div>\n\t\t\t\t<\/div>\n\t\t\t\t<\/article>\n\t\t\t\t<article class=\"elementor-post elementor-grid-item post-2149 post type-post status-publish format-standard has-post-thumbnail hentry category-newsroom\">\n\t\t\t\t<a class=\"elementor-post__thumbnail__link\" href=\"https:\/\/dislogroup.com\/fr\/dislog-group-accompagne-une-avancee-historique-de-la-chirurgie-robotique-au-maroc\/\" tabindex=\"-1\" >\n\t\t\t<div class=\"elementor-post__thumbnail\"><img loading=\"lazy\" decoding=\"async\" width=\"800\" height=\"534\" src=\"https:\/\/dislogroup.com\/wp-content\/uploads\/2026\/01\/WhatsApp-Image-2026-01-20-at-10.28.43-AM-1024x683.jpeg\" class=\"attachment-large size-large wp-image-2151\" alt=\"\" srcset=\"https:\/\/dislogroup.com\/wp-content\/uploads\/2026\/01\/WhatsApp-Image-2026-01-20-at-10.28.43-AM-1024x683.jpeg 1024w, https:\/\/dislogroup.com\/wp-content\/uploads\/2026\/01\/WhatsApp-Image-2026-01-20-at-10.28.43-AM-300x200.jpeg 300w, https:\/\/dislogroup.com\/wp-content\/uploads\/2026\/01\/WhatsApp-Image-2026-01-20-at-10.28.43-AM-768x512.jpeg 768w, https:\/\/dislogroup.com\/wp-content\/uploads\/2026\/01\/WhatsApp-Image-2026-01-20-at-10.28.43-AM-18x12.jpeg 18w, https:\/\/dislogroup.com\/wp-content\/uploads\/2026\/01\/WhatsApp-Image-2026-01-20-at-10.28.43-AM.jpeg 1500w\" sizes=\"(max-width: 800px) 100vw, 800px\" \/><\/div>\n\t\t<\/a>\n\t\t\t\t<div class=\"elementor-post__text\">\n\t\t\t\t<h1 class=\"elementor-post__title\">\n\t\t\t<a href=\"https:\/\/dislogroup.com\/fr\/dislog-group-accompagne-une-avancee-historique-de-la-chirurgie-robotique-au-maroc\/\" >\n\t\t\t\tDislog Group accompagne une avanc\u00e9e historique de la chirurgie robotique au Maroc\t\t\t<\/a>\n\t\t<\/h1>\n\t\t\t\t<div class=\"elementor-post__meta-data\">\n\t\t\t\t\t<span class=\"elementor-post-date\">\n\t\t\tjanvier 20, 2026\t\t<\/span>\n\t\t\t\t<\/div>\n\t\t\t\t<div class=\"elementor-post__excerpt\">\n\t\t\t<p>\u00c0 travers son p\u00f4le Dislog Healthcare, Dislog Group accompagne une \u00e9tape majeure dans la modernisation du syst\u00e8me de sant\u00e9 marocain avec le lancement de la chirurgie robotique au sein d\u2019un h\u00f4pital public, au CHU d\u2019Agadir.<\/p>\n\t\t<\/div>\n\t\t\t\t\t<div class=\"elementor-post__read-more-wrapper\">\n\t\t\n\t\t<a class=\"elementor-post__read-more\" href=\"https:\/\/dislogroup.com\/fr\/dislog-group-accompagne-une-avancee-historique-de-la-chirurgie-robotique-au-maroc\/\" aria-label=\"Read more about Dislog Group accompagne une avanc\u00e9e historique de la chirurgie robotique au Maroc\" tabindex=\"-1\" >\n\t\t\tLire l'article \u00bb\t\t<\/a>\n\n\t\t\t\t\t<\/div>\n\t\t\t\t<\/div>\n\t\t\t\t<\/article>\n\t\t\t\t<\/div>\n\t\t\n\t\t\t\t<div class=\"e-load-more-anchor\" data-page=\"1\" data-max-page=\"23\" data-next-page=\"https:\/\/dislogroup.com\/fr\/wp-json\/wp\/v2\/pages\/663\/page\/2\/\"><\/div>\n\t\t\t\t<nav class=\"elementor-pagination\" aria-label=\"Pagination\">\n\t\t\t<span class=\"page-numbers prev\">&laquo;<\/span>\n<span aria-current=\"page\" class=\"page-numbers current\"><span class=\"elementor-screen-only\">Page<\/span>1<\/span>\n<a class=\"page-numbers\" href=\"https:\/\/dislogroup.com\/fr\/wp-json\/wp\/v2\/pages\/663\/page\/2\/\"><span class=\"elementor-screen-only\">Page<\/span>2<\/a>\n<a class=\"page-numbers\" href=\"https:\/\/dislogroup.com\/fr\/wp-json\/wp\/v2\/pages\/663\/page\/3\/\"><span class=\"elementor-screen-only\">Page<\/span>3<\/a>\n<span class=\"page-numbers dots\">\u2026<\/span>\n<a class=\"page-numbers\" href=\"https:\/\/dislogroup.com\/fr\/wp-json\/wp\/v2\/pages\/663\/page\/23\/\"><span class=\"elementor-screen-only\">Page<\/span>23<\/a>\n<a class=\"page-numbers next\" href=\"https:\/\/dislogroup.com\/fr\/wp-json\/wp\/v2\/pages\/663\/page\/2\/\">&raquo;<\/a>\t\t<\/nav>\n\t\t\t\t\t\t<\/div>\n\t\t\t\t<\/div>\n\t\t\t\t\t<\/div>\n\t\t\t\t<\/div>\n\t\t\t\t<section class=\"elementor-section elementor-top-section elementor-element elementor-element-bce7639 elementor-section-full_width elementor-section-height-default elementor-section-height-default\" data-id=\"bce7639\" data-element_type=\"section\" data-settings=\"{&quot;background_background&quot;:&quot;classic&quot;}\">\n\t\t\t\t\t\t\t<div class=\"elementor-background-overlay\"><\/div>\n\t\t\t\t\t\t\t<div class=\"elementor-container elementor-column-gap-default\">\n\t\t\t\t\t<div class=\"elementor-column elementor-col-100 elementor-top-column elementor-element elementor-element-79e777e\" data-id=\"79e777e\" data-element_type=\"column\" data-settings=\"{&quot;background_background&quot;:&quot;classic&quot;}\">\n\t\t\t<div class=\"elementor-widget-wrap elementor-element-populated\">\n\t\t\t\t\t\t<section class=\"elementor-section elementor-inner-section elementor-element elementor-element-17dbcfa elementor-section-boxed elementor-section-height-default elementor-section-height-default\" data-id=\"17dbcfa\" data-element_type=\"section\">\n\t\t\t\t\t\t<div class=\"elementor-container elementor-column-gap-default\">\n\t\t\t\t\t<div class=\"elementor-column elementor-col-100 elementor-inner-column elementor-element elementor-element-d3c12f7 elementor-invisible\" data-id=\"d3c12f7\" data-element_type=\"column\" data-settings=\"{&quot;animation&quot;:&quot;fadeInUp&quot;}\">\n\t\t\t<div class=\"elementor-widget-wrap elementor-element-populated\">\n\t\t\t\t\t\t<div class=\"elementor-element elementor-element-0990879 elementor-widget elementor-widget-heading\" data-id=\"0990879\" data-element_type=\"widget\" data-widget_type=\"heading.default\">\n\t\t\t\t<div class=\"elementor-widget-container\">\n\t\t\t\t\t<h3 class=\"elementor-heading-title elementor-size-default\">Si nous sommes un acteur industriel int\u00e9gr\u00e9 dans l\u2019\u00e9conomie de la vie, c\u2019est pour mieux servir votre quotidien.<\/h3>\t\t\t\t<\/div>\n\t\t\t\t<\/div>\n\t\t\t\t\t<\/div>\n\t\t<\/div>\n\t\t\t\t\t<\/div>\n\t\t<\/section>\n\t\t\t\t\t<\/div>\n\t\t<\/div>\n\t\t\t\t\t<\/div>\n\t\t<\/section>\n\t\t\t\t<\/div>\n\t\t","protected":false},"excerpt":{"rendered":"<p>NEWSROOM Actualit\u00e9s Dislog Group Restez inform\u00e9 des derni\u00e8res avanc\u00e9es, partenariats et r\u00e9ussites de Dislog Group, votre partenaire de confiance dans l&rsquo;\u00e9volution du march\u00e9 national et international. Si nous sommes un acteur industriel int\u00e9gr\u00e9 dans l\u2019\u00e9conomie de la vie, c\u2019est pour mieux servir votre quotidien.<\/p>\n","protected":false},"author":1,"featured_media":0,"parent":0,"menu_order":0,"comment_status":"closed","ping_status":"closed","template":"","meta":{"_eb_attr":"","footnotes":""},"class_list":["post-663","page","type-page","status-publish","hentry"],"_links":{"self":[{"href":"https:\/\/dislogroup.com\/fr\/wp-json\/wp\/v2\/pages\/663","targetHints":{"allow":["GET"]}}],"collection":[{"href":"https:\/\/dislogroup.com\/fr\/wp-json\/wp\/v2\/pages"}],"about":[{"href":"https:\/\/dislogroup.com\/fr\/wp-json\/wp\/v2\/types\/page"}],"author":[{"embeddable":true,"href":"https:\/\/dislogroup.com\/fr\/wp-json\/wp\/v2\/users\/1"}],"replies":[{"embeddable":true,"href":"https:\/\/dislogroup.com\/fr\/wp-json\/wp\/v2\/comments?post=663"}],"version-history":[{"count":76,"href":"https:\/\/dislogroup.com\/fr\/wp-json\/wp\/v2\/pages\/663\/revisions"}],"predecessor-version":[{"id":1885,"href":"https:\/\/dislogroup.com\/fr\/wp-json\/wp\/v2\/pages\/663\/revisions\/1885"}],"wp:attachment":[{"href":"https:\/\/dislogroup.com\/fr\/wp-json\/wp\/v2\/media?parent=663"}],"curies":[{"name":"wp","href":"https:\/\/api.w.org\/{rel}","templated":true}]}}